{"id":541,"date":"2025-07-16T15:20:33","date_gmt":"2025-07-16T13:20:33","guid":{"rendered":"https:\/\/www.tatiecroutons.com\/?post_type=product&#038;p=541"},"modified":"2025-11-12T20:02:57","modified_gmt":"2025-11-12T19:02:57","slug":"ice-tea","status":"publish","type":"product","link":"https:\/\/www.tatiecroutons.com\/fr\/produit\/ice-tea\/","title":{"rendered":"Ice Tea"},"content":{"rendered":"<p>Un m\u00e9lange rafra\u00eechissant de th\u00e9 glac\u00e9 classique avec une touche p\u00e9tillante. Croustillant, sucr\u00e9 et parfaitement \u00e9quilibr\u00e9.<\/p>","protected":false},"excerpt":{"rendered":"<p>Un m\u00e9lange rafra\u00eechissant de th\u00e9 glac\u00e9 classique avec une touche p\u00e9tillante. Croustillant, sucr\u00e9 et parfaitement \u00e9quilibr\u00e9.<\/p>","protected":false},"featured_media":1408,"comment_status":"open","ping_status":"closed","template":"","meta":{"inline_featured_image":false,"_uag_custom_page_level_css":""},"product_brand":[],"product_cat":[30],"product_tag":[],"class_list":{"0":"post-541","1":"product","2":"type-product","3":"status-publish","4":"has-post-thumbnail","6":"product_cat-drinks","7":"product_shipping_class-lunch-delivery","9":"first","10":"","11":"taxable","12":"shipping-taxable","13":"purchasable","14":"product-type-simple"},"yoast_head":"<!-- This site is optimized with the Yoast SEO plugin v26.6 - https:\/\/yoast.com\/wordpress\/plugins\/seo\/ -->\n<title>Ice Tea - Tatie Cro\u00fbtons<\/title>\n<meta name=\"robots\" content=\"index, follow, max-snippet:-1, max-image-preview:large, max-video-preview:-1\" \/>\n<link rel=\"canonical\" href=\"https:\/\/www.tatiecroutons.com\/fr\/produit\/ice-tea\/\" \/>\n<meta property=\"og:locale\" content=\"fr_FR\" \/>\n<meta property=\"og:type\" content=\"article\" \/>\n<meta property=\"og:title\" content=\"Ice Tea - Tatie Cro\u00fbtons\" \/>\n<meta property=\"og:description\" content=\"A refreshing blend of classic iced tea with a sparkling twist. Crisp, sweet, and perfectly balanced.\" \/>\n<meta property=\"og:url\" content=\"https:\/\/www.tatiecroutons.com\/fr\/produit\/ice-tea\/\" \/>\n<meta property=\"og:site_name\" content=\"Tatie Cro\u00fbtons\" \/>\n<meta property=\"article:publisher\" content=\"https:\/\/www.facebook.com\/tatiecroutons\" \/>\n<meta property=\"article:modified_time\" content=\"2025-11-12T19:02:57+00:00\" \/>\n<meta property=\"og:image\" content=\"https:\/\/new.tatiecroutons.com\/wp-content\/uploads\/2025\/07\/tatie-croutons-boisson-lipton-original-scaled.jpg\" \/>\n\t<meta property=\"og:image:width\" content=\"1707\" \/>\n\t<meta property=\"og:image:height\" content=\"2560\" \/>\n\t<meta property=\"og:image:type\" content=\"image\/jpeg\" \/>\n<meta name=\"twitter:card\" content=\"summary_large_image\" \/>\n<meta name=\"twitter:label1\" content=\"Dur\u00e9e de lecture estim\u00e9e\" \/>\n\t<meta name=\"twitter:data1\" content=\"1 minute\" \/>\n<script type=\"application\/ld+json\" class=\"yoast-schema-graph\">{\"@context\":\"https:\/\/schema.org\",\"@graph\":[{\"@type\":\"WebPage\",\"@id\":\"https:\/\/www.tatiecroutons.com\/product\/ice-tea\/\",\"url\":\"https:\/\/www.tatiecroutons.com\/product\/ice-tea\/\",\"name\":\"Ice Tea - Tatie Cro\u00fbtons\",\"isPartOf\":{\"@id\":\"https:\/\/new.tatiecroutons.com\/#website\"},\"primaryImageOfPage\":{\"@id\":\"https:\/\/www.tatiecroutons.com\/product\/ice-tea\/#primaryimage\"},\"image\":{\"@id\":\"https:\/\/www.tatiecroutons.com\/product\/ice-tea\/#primaryimage\"},\"thumbnailUrl\":\"https:\/\/www.tatiecroutons.com\/wp-content\/uploads\/2025\/07\/tatie-croutons-boisson-lipton-original-scaled.jpg\",\"datePublished\":\"2025-07-16T13:20:33+00:00\",\"dateModified\":\"2025-11-12T19:02:57+00:00\",\"breadcrumb\":{\"@id\":\"https:\/\/www.tatiecroutons.com\/product\/ice-tea\/#breadcrumb\"},\"inLanguage\":\"fr-FR\",\"potentialAction\":[{\"@type\":\"ReadAction\",\"target\":[\"https:\/\/www.tatiecroutons.com\/product\/ice-tea\/\"]}]},{\"@type\":\"ImageObject\",\"inLanguage\":\"fr-FR\",\"@id\":\"https:\/\/www.tatiecroutons.com\/product\/ice-tea\/#primaryimage\",\"url\":\"https:\/\/www.tatiecroutons.com\/wp-content\/uploads\/2025\/07\/tatie-croutons-boisson-lipton-original-scaled.jpg\",\"contentUrl\":\"https:\/\/www.tatiecroutons.com\/wp-content\/uploads\/2025\/07\/tatie-croutons-boisson-lipton-original-scaled.jpg\",\"width\":1707,\"height\":2560,\"caption\":\"Boisson - Lipton - Original\"},{\"@type\":\"BreadcrumbList\",\"@id\":\"https:\/\/www.tatiecroutons.com\/product\/ice-tea\/#breadcrumb\",\"itemListElement\":[{\"@type\":\"ListItem\",\"position\":1,\"name\":\"Accueil\",\"item\":\"https:\/\/www.tatiecroutons.com\/\"},{\"@type\":\"ListItem\",\"position\":2,\"name\":\"Menu\",\"item\":\"https:\/\/new.tatiecroutons.com\/menu\/\"},{\"@type\":\"ListItem\",\"position\":3,\"name\":\"Ice Tea\"}]},{\"@type\":\"WebSite\",\"@id\":\"https:\/\/new.tatiecroutons.com\/#website\",\"url\":\"https:\/\/new.tatiecroutons.com\/\",\"name\":\"Tatie Cro\u00fbtons\",\"description\":\"Le vrai sandwich artisanal\",\"publisher\":{\"@id\":\"https:\/\/new.tatiecroutons.com\/#organization\"},\"potentialAction\":[{\"@type\":\"SearchAction\",\"target\":{\"@type\":\"EntryPoint\",\"urlTemplate\":\"https:\/\/new.tatiecroutons.com\/?s={search_term_string}\"},\"query-input\":{\"@type\":\"PropertyValueSpecification\",\"valueRequired\":true,\"valueName\":\"search_term_string\"}}],\"inLanguage\":\"fr-FR\"},{\"@type\":\"Organization\",\"@id\":\"https:\/\/new.tatiecroutons.com\/#organization\",\"name\":\"Tatie Cro\u00fbtons\",\"url\":\"https:\/\/new.tatiecroutons.com\/\",\"logo\":{\"@type\":\"ImageObject\",\"inLanguage\":\"fr-FR\",\"@id\":\"https:\/\/new.tatiecroutons.com\/#\/schema\/logo\/image\/\",\"url\":\"https:\/\/www.tatiecroutons.com\/wp-content\/uploads\/2025\/07\/logo-tatie-croutons.svg\",\"contentUrl\":\"https:\/\/www.tatiecroutons.com\/wp-content\/uploads\/2025\/07\/logo-tatie-croutons.svg\",\"width\":\"1024\",\"height\":\"1024\",\"caption\":\"Tatie Cro\u00fbtons\"},\"image\":{\"@id\":\"https:\/\/new.tatiecroutons.com\/#\/schema\/logo\/image\/\"},\"sameAs\":[\"https:\/\/www.facebook.com\/tatiecroutons\",\"https:\/\/www.linkedin.com\/company\/tatie-crotons\",\"https:\/\/www.instagram.com\/tatiecroutons\"]}]}<\/script>\n<!-- \/ Yoast SEO plugin. -->","yoast_head_json":{"title":"Ice Tea - Tatie Cro\u00fbtons","robots":{"index":"index","follow":"follow","max-snippet":"max-snippet:-1","max-image-preview":"max-image-preview:large","max-video-preview":"max-video-preview:-1"},"canonical":"https:\/\/www.tatiecroutons.com\/fr\/produit\/ice-tea\/","og_locale":"fr_FR","og_type":"article","og_title":"Ice Tea - Tatie Cro\u00fbtons","og_description":"A refreshing blend of classic iced tea with a sparkling twist. Crisp, sweet, and perfectly balanced.","og_url":"https:\/\/www.tatiecroutons.com\/fr\/produit\/ice-tea\/","og_site_name":"Tatie Cro\u00fbtons","article_publisher":"https:\/\/www.facebook.com\/tatiecroutons","article_modified_time":"2025-11-12T19:02:57+00:00","og_image":[{"width":1707,"height":2560,"url":"https:\/\/new.tatiecroutons.com\/wp-content\/uploads\/2025\/07\/tatie-croutons-boisson-lipton-original-scaled.jpg","type":"image\/jpeg"}],"twitter_card":"summary_large_image","twitter_misc":{"Dur\u00e9e de lecture estim\u00e9e":"1 minute"},"schema":{"@context":"https:\/\/schema.org","@graph":[{"@type":"WebPage","@id":"https:\/\/www.tatiecroutons.com\/product\/ice-tea\/","url":"https:\/\/www.tatiecroutons.com\/product\/ice-tea\/","name":"Ice Tea - Tatie Cro\u00fbtons","isPartOf":{"@id":"https:\/\/new.tatiecroutons.com\/#website"},"primaryImageOfPage":{"@id":"https:\/\/www.tatiecroutons.com\/product\/ice-tea\/#primaryimage"},"image":{"@id":"https:\/\/www.tatiecroutons.com\/product\/ice-tea\/#primaryimage"},"thumbnailUrl":"https:\/\/www.tatiecroutons.com\/wp-content\/uploads\/2025\/07\/tatie-croutons-boisson-lipton-original-scaled.jpg","datePublished":"2025-07-16T13:20:33+00:00","dateModified":"2025-11-12T19:02:57+00:00","breadcrumb":{"@id":"https:\/\/www.tatiecroutons.com\/product\/ice-tea\/#breadcrumb"},"inLanguage":"fr-FR","potentialAction":[{"@type":"ReadAction","target":["https:\/\/www.tatiecroutons.com\/product\/ice-tea\/"]}]},{"@type":"ImageObject","inLanguage":"fr-FR","@id":"https:\/\/www.tatiecroutons.com\/product\/ice-tea\/#primaryimage","url":"https:\/\/www.tatiecroutons.com\/wp-content\/uploads\/2025\/07\/tatie-croutons-boisson-lipton-original-scaled.jpg","contentUrl":"https:\/\/www.tatiecroutons.com\/wp-content\/uploads\/2025\/07\/tatie-croutons-boisson-lipton-original-scaled.jpg","width":1707,"height":2560,"caption":"Boisson - Lipton - Original"},{"@type":"BreadcrumbList","@id":"https:\/\/www.tatiecroutons.com\/product\/ice-tea\/#breadcrumb","itemListElement":[{"@type":"ListItem","position":1,"name":"Accueil","item":"https:\/\/www.tatiecroutons.com\/"},{"@type":"ListItem","position":2,"name":"Menu","item":"https:\/\/new.tatiecroutons.com\/menu\/"},{"@type":"ListItem","position":3,"name":"Ice Tea"}]},{"@type":"WebSite","@id":"https:\/\/new.tatiecroutons.com\/#website","url":"https:\/\/new.tatiecroutons.com\/","name":"Tatie Cro\u00fbtons","description":"Le vrai sandwich artisanal","publisher":{"@id":"https:\/\/new.tatiecroutons.com\/#organization"},"potentialAction":[{"@type":"SearchAction","target":{"@type":"EntryPoint","urlTemplate":"https:\/\/new.tatiecroutons.com\/?s={search_term_string}"},"query-input":{"@type":"PropertyValueSpecification","valueRequired":true,"valueName":"search_term_string"}}],"inLanguage":"fr-FR"},{"@type":"Organization","@id":"https:\/\/new.tatiecroutons.com\/#organization","name":"Tatie Cro\u00fbtons","url":"https:\/\/new.tatiecroutons.com\/","logo":{"@type":"ImageObject","inLanguage":"fr-FR","@id":"https:\/\/new.tatiecroutons.com\/#\/schema\/logo\/image\/","url":"https:\/\/www.tatiecroutons.com\/wp-content\/uploads\/2025\/07\/logo-tatie-croutons.svg","contentUrl":"https:\/\/www.tatiecroutons.com\/wp-content\/uploads\/2025\/07\/logo-tatie-croutons.svg","width":"1024","height":"1024","caption":"Tatie Cro\u00fbtons"},"image":{"@id":"https:\/\/new.tatiecroutons.com\/#\/schema\/logo\/image\/"},"sameAs":["https:\/\/www.facebook.com\/tatiecroutons","https:\/\/www.linkedin.com\/company\/tatie-crotons","https:\/\/www.instagram.com\/tatiecroutons"]}]}},"uagb_featured_image_src":{"full":["https:\/\/www.tatiecroutons.com\/wp-content\/uploads\/2025\/07\/tatie-croutons-boisson-lipton-original-scaled.jpg",1707,2560,false],"thumbnail":["https:\/\/www.tatiecroutons.com\/wp-content\/uploads\/2025\/07\/tatie-croutons-boisson-lipton-original-150x150.jpg",150,150,true],"medium":["https:\/\/www.tatiecroutons.com\/wp-content\/uploads\/2025\/07\/tatie-croutons-boisson-lipton-original-200x300.jpg",200,300,true],"medium_large":["https:\/\/www.tatiecroutons.com\/wp-content\/uploads\/2025\/07\/tatie-croutons-boisson-lipton-original-768x1152.jpg",768,1152,true],"large":["https:\/\/www.tatiecroutons.com\/wp-content\/uploads\/2025\/07\/tatie-croutons-boisson-lipton-original-683x1024.jpg",683,1024,true],"1536x1536":["https:\/\/www.tatiecroutons.com\/wp-content\/uploads\/2025\/07\/tatie-croutons-boisson-lipton-original-1024x1536.jpg",1024,1536,true],"2048x2048":["https:\/\/www.tatiecroutons.com\/wp-content\/uploads\/2025\/07\/tatie-croutons-boisson-lipton-original-1365x2048.jpg",1365,2048,true],"trp-custom-language-flag":["https:\/\/www.tatiecroutons.com\/wp-content\/uploads\/2025\/07\/tatie-croutons-boisson-lipton-original-8x12.jpg",8,12,true],"woocommerce_thumbnail":["https:\/\/www.tatiecroutons.com\/wp-content\/uploads\/2025\/07\/tatie-croutons-boisson-lipton-original-300x300.jpg",300,300,true],"woocommerce_single":["https:\/\/www.tatiecroutons.com\/wp-content\/uploads\/2025\/07\/tatie-croutons-boisson-lipton-original-600x900.jpg",600,900,true],"woocommerce_gallery_thumbnail":["https:\/\/www.tatiecroutons.com\/wp-content\/uploads\/2025\/07\/tatie-croutons-boisson-lipton-original-100x100.jpg",100,100,true]},"uagb_author_info":{"display_name":"Aur\u00e9lie Tollet","author_link":"https:\/\/www.tatiecroutons.com\/fr\/author\/"},"uagb_comment_info":0,"uagb_excerpt":"A refreshing blend of classic iced tea with a sparkling twist. Crisp, sweet, and perfectly balanced.","_links":{"self":[{"href":"https:\/\/www.tatiecroutons.com\/fr\/wp-json\/wp\/v2\/product\/541","targetHints":{"allow":["GET"]}}],"collection":[{"href":"https:\/\/www.tatiecroutons.com\/fr\/wp-json\/wp\/v2\/product"}],"about":[{"href":"https:\/\/www.tatiecroutons.com\/fr\/wp-json\/wp\/v2\/types\/product"}],"replies":[{"embeddable":true,"href":"https:\/\/www.tatiecroutons.com\/fr\/wp-json\/wp\/v2\/comments?post=541"}],"wp:featuredmedia":[{"embeddable":true,"href":"https:\/\/www.tatiecroutons.com\/fr\/wp-json\/wp\/v2\/media\/1408"}],"wp:attachment":[{"href":"https:\/\/www.tatiecroutons.com\/fr\/wp-json\/wp\/v2\/media?parent=541"}],"wp:term":[{"taxonomy":"product_brand","embeddable":true,"href":"https:\/\/www.tatiecroutons.com\/fr\/wp-json\/wp\/v2\/product_brand?post=541"},{"taxonomy":"product_cat","embeddable":true,"href":"https:\/\/www.tatiecroutons.com\/fr\/wp-json\/wp\/v2\/product_cat?post=541"},{"taxonomy":"product_tag","embeddable":true,"href":"https:\/\/www.tatiecroutons.com\/fr\/wp-json\/wp\/v2\/product_tag?post=541"}],"curies":[{"name":"wp","href":"https:\/\/api.w.org\/{rel}","templated":true}]}}