{"id":529,"date":"2025-07-16T15:13:18","date_gmt":"2025-07-16T13:13:18","guid":{"rendered":"https:\/\/www.tatiecroutons.com\/?post_type=product&#038;p=529"},"modified":"2025-11-21T08:40:11","modified_gmt":"2025-11-21T07:40:11","slug":"bionina-lemon","status":"publish","type":"product","link":"https:\/\/www.tatiecroutons.com\/fr\/produit\/bionina-lemon\/","title":{"rendered":"Bionina Citron"},"content":{"rendered":"<p>Une limonade bio rafra\u00eechissante au citron, l\u00e9g\u00e8rement p\u00e9tillante et sans ar\u00f4mes artificiels.<\/p>","protected":false},"excerpt":{"rendered":"<p>Une limonade bio rafra\u00eechissante au citron, l\u00e9g\u00e8rement p\u00e9tillante et sans ar\u00f4mes artificiels.<\/p>","protected":false},"featured_media":530,"comment_status":"open","ping_status":"closed","template":"","meta":{"inline_featured_image":false,"_uag_custom_page_level_css":""},"product_brand":[],"product_cat":[30],"product_tag":[],"class_list":{"0":"post-529","1":"product","2":"type-product","3":"status-publish","4":"has-post-thumbnail","6":"product_cat-drinks","7":"product_shipping_class-lunch-delivery","9":"first","10":"","11":"taxable","12":"shipping-taxable","13":"purchasable","14":"product-type-simple"},"yoast_head":"<!-- This site is optimized with the Yoast SEO plugin v27.4 - https:\/\/yoast.com\/product\/yoast-seo-wordpress\/ -->\n<title>Bionina Lemon - Tatie Cro\u00fbtons<\/title>\n<meta name=\"robots\" content=\"index, follow, max-snippet:-1, max-image-preview:large, max-video-preview:-1\" \/>\n<link rel=\"canonical\" href=\"https:\/\/www.tatiecroutons.com\/fr\/produit\/bionina-lemon\/\" \/>\n<meta property=\"og:locale\" content=\"fr_FR\" \/>\n<meta property=\"og:type\" content=\"article\" \/>\n<meta property=\"og:title\" content=\"Bionina Lemon - Tatie Cro\u00fbtons\" \/>\n<meta property=\"og:description\" content=\"A refreshing organic lemonade with lemon, lightly sparkling, and no artificial flavors.\" \/>\n<meta property=\"og:url\" content=\"https:\/\/www.tatiecroutons.com\/fr\/produit\/bionina-lemon\/\" \/>\n<meta property=\"og:site_name\" content=\"Tatie Cro\u00fbtons\" \/>\n<meta property=\"article:publisher\" content=\"https:\/\/www.facebook.com\/tatiecroutons\" \/>\n<meta property=\"article:modified_time\" content=\"2025-11-21T07:40:11+00:00\" \/>\n<meta property=\"og:image\" content=\"https:\/\/new.tatiecroutons.com\/wp-content\/uploads\/2025\/07\/bionina-grapefruit-pamplemousse.jpg\" \/>\n\t<meta property=\"og:image:width\" content=\"1500\" \/>\n\t<meta property=\"og:image:height\" content=\"1200\" \/>\n\t<meta property=\"og:image:type\" content=\"image\/jpeg\" \/>\n<meta name=\"twitter:card\" content=\"summary_large_image\" \/>\n<meta name=\"twitter:label1\" content=\"Dur\u00e9e de lecture estim\u00e9e\" \/>\n\t<meta name=\"twitter:data1\" content=\"1 minute\" \/>\n<script type=\"application\/ld+json\" class=\"yoast-schema-graph\">{\"@context\":\"https:\\\/\\\/schema.org\",\"@graph\":[{\"@type\":\"WebPage\",\"@id\":\"https:\\\/\\\/www.tatiecroutons.com\\\/product\\\/bionina-lemon\\\/\",\"url\":\"https:\\\/\\\/www.tatiecroutons.com\\\/product\\\/bionina-lemon\\\/\",\"name\":\"Bionina Lemon - Tatie Cro\u00fbtons\",\"isPartOf\":{\"@id\":\"https:\\\/\\\/new.tatiecroutons.com\\\/#website\"},\"primaryImageOfPage\":{\"@id\":\"https:\\\/\\\/www.tatiecroutons.com\\\/product\\\/bionina-lemon\\\/#primaryimage\"},\"image\":{\"@id\":\"https:\\\/\\\/www.tatiecroutons.com\\\/product\\\/bionina-lemon\\\/#primaryimage\"},\"thumbnailUrl\":\"https:\\\/\\\/www.tatiecroutons.com\\\/wp-content\\\/uploads\\\/2025\\\/07\\\/bionina-grapefruit-pamplemousse.jpg\",\"datePublished\":\"2025-07-16T13:13:18+00:00\",\"dateModified\":\"2025-11-21T07:40:11+00:00\",\"breadcrumb\":{\"@id\":\"https:\\\/\\\/www.tatiecroutons.com\\\/product\\\/bionina-lemon\\\/#breadcrumb\"},\"inLanguage\":\"fr-FR\",\"potentialAction\":[{\"@type\":\"ReadAction\",\"target\":[\"https:\\\/\\\/www.tatiecroutons.com\\\/product\\\/bionina-lemon\\\/\"]}]},{\"@type\":\"ImageObject\",\"inLanguage\":\"fr-FR\",\"@id\":\"https:\\\/\\\/www.tatiecroutons.com\\\/product\\\/bionina-lemon\\\/#primaryimage\",\"url\":\"https:\\\/\\\/www.tatiecroutons.com\\\/wp-content\\\/uploads\\\/2025\\\/07\\\/bionina-grapefruit-pamplemousse.jpg\",\"contentUrl\":\"https:\\\/\\\/www.tatiecroutons.com\\\/wp-content\\\/uploads\\\/2025\\\/07\\\/bionina-grapefruit-pamplemousse.jpg\",\"width\":1500,\"height\":1200},{\"@type\":\"BreadcrumbList\",\"@id\":\"https:\\\/\\\/www.tatiecroutons.com\\\/product\\\/bionina-lemon\\\/#breadcrumb\",\"itemListElement\":[{\"@type\":\"ListItem\",\"position\":1,\"name\":\"Accueil\",\"item\":\"https:\\\/\\\/www.tatiecroutons.com\\\/\"},{\"@type\":\"ListItem\",\"position\":2,\"name\":\"Menu\",\"item\":\"https:\\\/\\\/new.tatiecroutons.com\\\/menu\\\/\"},{\"@type\":\"ListItem\",\"position\":3,\"name\":\"Bionina Lemon\"}]},{\"@type\":\"WebSite\",\"@id\":\"https:\\\/\\\/new.tatiecroutons.com\\\/#website\",\"url\":\"https:\\\/\\\/new.tatiecroutons.com\\\/\",\"name\":\"Tatie Cro\u00fbtons\",\"description\":\"Le vrai sandwich artisanal\",\"publisher\":{\"@id\":\"https:\\\/\\\/new.tatiecroutons.com\\\/#organization\"},\"potentialAction\":[{\"@type\":\"SearchAction\",\"target\":{\"@type\":\"EntryPoint\",\"urlTemplate\":\"https:\\\/\\\/new.tatiecroutons.com\\\/?s={search_term_string}\"},\"query-input\":{\"@type\":\"PropertyValueSpecification\",\"valueRequired\":true,\"valueName\":\"search_term_string\"}}],\"inLanguage\":\"fr-FR\"},{\"@type\":\"Organization\",\"@id\":\"https:\\\/\\\/new.tatiecroutons.com\\\/#organization\",\"name\":\"Tatie Cro\u00fbtons\",\"url\":\"https:\\\/\\\/new.tatiecroutons.com\\\/\",\"logo\":{\"@type\":\"ImageObject\",\"inLanguage\":\"fr-FR\",\"@id\":\"https:\\\/\\\/new.tatiecroutons.com\\\/#\\\/schema\\\/logo\\\/image\\\/\",\"url\":\"https:\\\/\\\/www.tatiecroutons.com\\\/wp-content\\\/uploads\\\/2025\\\/07\\\/logo-tatie-croutons.svg\",\"contentUrl\":\"https:\\\/\\\/www.tatiecroutons.com\\\/wp-content\\\/uploads\\\/2025\\\/07\\\/logo-tatie-croutons.svg\",\"width\":\"1024\",\"height\":\"1024\",\"caption\":\"Tatie Cro\u00fbtons\"},\"image\":{\"@id\":\"https:\\\/\\\/new.tatiecroutons.com\\\/#\\\/schema\\\/logo\\\/image\\\/\"},\"sameAs\":[\"https:\\\/\\\/www.facebook.com\\\/tatiecroutons\",\"https:\\\/\\\/www.linkedin.com\\\/company\\\/tatie-crotons\",\"https:\\\/\\\/www.instagram.com\\\/tatiecroutons\"]}]}<\/script>\n<!-- \/ Yoast SEO plugin. -->","yoast_head_json":{"title":"Bionina Lemon - Tatie Cro\u00fbtons","robots":{"index":"index","follow":"follow","max-snippet":"max-snippet:-1","max-image-preview":"max-image-preview:large","max-video-preview":"max-video-preview:-1"},"canonical":"https:\/\/www.tatiecroutons.com\/fr\/produit\/bionina-lemon\/","og_locale":"fr_FR","og_type":"article","og_title":"Bionina Lemon - Tatie Cro\u00fbtons","og_description":"A refreshing organic lemonade with lemon, lightly sparkling, and no artificial flavors.","og_url":"https:\/\/www.tatiecroutons.com\/fr\/produit\/bionina-lemon\/","og_site_name":"Tatie Cro\u00fbtons","article_publisher":"https:\/\/www.facebook.com\/tatiecroutons","article_modified_time":"2025-11-21T07:40:11+00:00","og_image":[{"width":1500,"height":1200,"url":"https:\/\/new.tatiecroutons.com\/wp-content\/uploads\/2025\/07\/bionina-grapefruit-pamplemousse.jpg","type":"image\/jpeg"}],"twitter_card":"summary_large_image","twitter_misc":{"Dur\u00e9e de lecture estim\u00e9e":"1 minute"},"schema":{"@context":"https:\/\/schema.org","@graph":[{"@type":"WebPage","@id":"https:\/\/www.tatiecroutons.com\/product\/bionina-lemon\/","url":"https:\/\/www.tatiecroutons.com\/product\/bionina-lemon\/","name":"Bionina Lemon - Tatie Cro\u00fbtons","isPartOf":{"@id":"https:\/\/new.tatiecroutons.com\/#website"},"primaryImageOfPage":{"@id":"https:\/\/www.tatiecroutons.com\/product\/bionina-lemon\/#primaryimage"},"image":{"@id":"https:\/\/www.tatiecroutons.com\/product\/bionina-lemon\/#primaryimage"},"thumbnailUrl":"https:\/\/www.tatiecroutons.com\/wp-content\/uploads\/2025\/07\/bionina-grapefruit-pamplemousse.jpg","datePublished":"2025-07-16T13:13:18+00:00","dateModified":"2025-11-21T07:40:11+00:00","breadcrumb":{"@id":"https:\/\/www.tatiecroutons.com\/product\/bionina-lemon\/#breadcrumb"},"inLanguage":"fr-FR","potentialAction":[{"@type":"ReadAction","target":["https:\/\/www.tatiecroutons.com\/product\/bionina-lemon\/"]}]},{"@type":"ImageObject","inLanguage":"fr-FR","@id":"https:\/\/www.tatiecroutons.com\/product\/bionina-lemon\/#primaryimage","url":"https:\/\/www.tatiecroutons.com\/wp-content\/uploads\/2025\/07\/bionina-grapefruit-pamplemousse.jpg","contentUrl":"https:\/\/www.tatiecroutons.com\/wp-content\/uploads\/2025\/07\/bionina-grapefruit-pamplemousse.jpg","width":1500,"height":1200},{"@type":"BreadcrumbList","@id":"https:\/\/www.tatiecroutons.com\/product\/bionina-lemon\/#breadcrumb","itemListElement":[{"@type":"ListItem","position":1,"name":"Accueil","item":"https:\/\/www.tatiecroutons.com\/"},{"@type":"ListItem","position":2,"name":"Menu","item":"https:\/\/new.tatiecroutons.com\/menu\/"},{"@type":"ListItem","position":3,"name":"Bionina Lemon"}]},{"@type":"WebSite","@id":"https:\/\/new.tatiecroutons.com\/#website","url":"https:\/\/new.tatiecroutons.com\/","name":"Tatie Cro\u00fbtons","description":"Le vrai sandwich artisanal","publisher":{"@id":"https:\/\/new.tatiecroutons.com\/#organization"},"potentialAction":[{"@type":"SearchAction","target":{"@type":"EntryPoint","urlTemplate":"https:\/\/new.tatiecroutons.com\/?s={search_term_string}"},"query-input":{"@type":"PropertyValueSpecification","valueRequired":true,"valueName":"search_term_string"}}],"inLanguage":"fr-FR"},{"@type":"Organization","@id":"https:\/\/new.tatiecroutons.com\/#organization","name":"Tatie Cro\u00fbtons","url":"https:\/\/new.tatiecroutons.com\/","logo":{"@type":"ImageObject","inLanguage":"fr-FR","@id":"https:\/\/new.tatiecroutons.com\/#\/schema\/logo\/image\/","url":"https:\/\/www.tatiecroutons.com\/wp-content\/uploads\/2025\/07\/logo-tatie-croutons.svg","contentUrl":"https:\/\/www.tatiecroutons.com\/wp-content\/uploads\/2025\/07\/logo-tatie-croutons.svg","width":"1024","height":"1024","caption":"Tatie Cro\u00fbtons"},"image":{"@id":"https:\/\/new.tatiecroutons.com\/#\/schema\/logo\/image\/"},"sameAs":["https:\/\/www.facebook.com\/tatiecroutons","https:\/\/www.linkedin.com\/company\/tatie-crotons","https:\/\/www.instagram.com\/tatiecroutons"]}]}},"uagb_featured_image_src":{"full":["https:\/\/www.tatiecroutons.com\/wp-content\/uploads\/2025\/07\/bionina-grapefruit-pamplemousse.jpg",1500,1200,false],"thumbnail":["https:\/\/www.tatiecroutons.com\/wp-content\/uploads\/2025\/07\/bionina-grapefruit-pamplemousse-150x150.jpg",150,150,true],"medium":["https:\/\/www.tatiecroutons.com\/wp-content\/uploads\/2025\/07\/bionina-grapefruit-pamplemousse-300x240.jpg",300,240,true],"medium_large":["https:\/\/www.tatiecroutons.com\/wp-content\/uploads\/2025\/07\/bionina-grapefruit-pamplemousse-768x614.jpg",768,614,true],"large":["https:\/\/www.tatiecroutons.com\/wp-content\/uploads\/2025\/07\/bionina-grapefruit-pamplemousse-1024x819.jpg",1024,819,true],"1536x1536":["https:\/\/www.tatiecroutons.com\/wp-content\/uploads\/2025\/07\/bionina-grapefruit-pamplemousse.jpg",1500,1200,false],"2048x2048":["https:\/\/www.tatiecroutons.com\/wp-content\/uploads\/2025\/07\/bionina-grapefruit-pamplemousse.jpg",1500,1200,false],"trp-custom-language-flag":["https:\/\/www.tatiecroutons.com\/wp-content\/uploads\/2025\/07\/bionina-grapefruit-pamplemousse-15x12.jpg",15,12,true],"woocommerce_thumbnail":["https:\/\/www.tatiecroutons.com\/wp-content\/uploads\/2025\/07\/bionina-grapefruit-pamplemousse-300x300.jpg",300,300,true],"woocommerce_single":["https:\/\/www.tatiecroutons.com\/wp-content\/uploads\/2025\/07\/bionina-grapefruit-pamplemousse-600x480.jpg",600,480,true],"woocommerce_gallery_thumbnail":["https:\/\/www.tatiecroutons.com\/wp-content\/uploads\/2025\/07\/bionina-grapefruit-pamplemousse-100x100.jpg",100,100,true]},"uagb_author_info":{"display_name":"Aur\u00e9lie Tollet","author_link":"https:\/\/www.tatiecroutons.com\/fr\/author\/"},"uagb_comment_info":0,"uagb_excerpt":"A refreshing organic lemonade with lemon, lightly sparkling, and no artificial flavors.","_links":{"self":[{"href":"https:\/\/www.tatiecroutons.com\/fr\/wp-json\/wp\/v2\/product\/529","targetHints":{"allow":["GET"]}}],"collection":[{"href":"https:\/\/www.tatiecroutons.com\/fr\/wp-json\/wp\/v2\/product"}],"about":[{"href":"https:\/\/www.tatiecroutons.com\/fr\/wp-json\/wp\/v2\/types\/product"}],"replies":[{"embeddable":true,"href":"https:\/\/www.tatiecroutons.com\/fr\/wp-json\/wp\/v2\/comments?post=529"}],"wp:featuredmedia":[{"embeddable":true,"href":"https:\/\/www.tatiecroutons.com\/fr\/wp-json\/wp\/v2\/media\/530"}],"wp:attachment":[{"href":"https:\/\/www.tatiecroutons.com\/fr\/wp-json\/wp\/v2\/media?parent=529"}],"wp:term":[{"taxonomy":"product_brand","embeddable":true,"href":"https:\/\/www.tatiecroutons.com\/fr\/wp-json\/wp\/v2\/product_brand?post=529"},{"taxonomy":"product_cat","embeddable":true,"href":"https:\/\/www.tatiecroutons.com\/fr\/wp-json\/wp\/v2\/product_cat?post=529"},{"taxonomy":"product_tag","embeddable":true,"href":"https:\/\/www.tatiecroutons.com\/fr\/wp-json\/wp\/v2\/product_tag?post=529"}],"curies":[{"name":"wp","href":"https:\/\/api.w.org\/{rel}","templated":true}]}}