{"id":499,"date":"2025-07-16T11:37:16","date_gmt":"2025-07-16T09:37:16","guid":{"rendered":"https:\/\/www.tatiecroutons.com\/?post_type=product&#038;p=499"},"modified":"2025-11-12T20:02:58","modified_gmt":"2025-11-12T19:02:58","slug":"coup-de-coeur","status":"publish","type":"product","link":"https:\/\/www.tatiecroutons.com\/fr\/produit\/coup-de-coeur\/","title":{"rendered":"Coup de Coeur"},"content":{"rendered":"<div id=\"short_description_content\" class=\"rte align_justify\">Salade compos\u00e9e, roquette, pignons de pin grill\u00e9s, fromage de ch\u00e8vre frais \u00e9miett\u00e9 et tomates s\u00e9ch\u00e9es. Vinaigrette balsamique.<\/div>","protected":false},"excerpt":{"rendered":"<p>Salade compos\u00e9e, roquette, pignons de pin grill\u00e9s, fromage de ch\u00e8vre frais \u00e9miett\u00e9 et tomates s\u00e9ch\u00e9es. Vinaigrette balsamique.<\/p>","protected":false},"featured_media":1882,"comment_status":"open","ping_status":"closed","template":"","meta":{"inline_featured_image":false,"_uag_custom_page_level_css":""},"product_brand":[],"product_cat":[18],"product_tag":[],"class_list":{"0":"post-499","1":"product","2":"type-product","3":"status-publish","4":"has-post-thumbnail","6":"product_cat-salads","7":"product_shipping_class-lunch-delivery","9":"first","10":"","11":"taxable","12":"shipping-taxable","13":"purchasable","14":"product-type-simple"},"yoast_head":"<!-- This site is optimized with the Yoast SEO plugin v26.6 - https:\/\/yoast.com\/wordpress\/plugins\/seo\/ -->\n<title>Coup de Coeur - Tatie Cro\u00fbtons<\/title>\n<meta name=\"robots\" content=\"index, follow, max-snippet:-1, max-image-preview:large, max-video-preview:-1\" \/>\n<link rel=\"canonical\" href=\"https:\/\/www.tatiecroutons.com\/fr\/produit\/coup-de-coeur\/\" \/>\n<meta property=\"og:locale\" content=\"fr_FR\" \/>\n<meta property=\"og:type\" content=\"article\" \/>\n<meta property=\"og:title\" content=\"Coup de Coeur - Tatie Cro\u00fbtons\" \/>\n<meta property=\"og:description\" content=\"Mixed salad, arugula, grilled pine nuts, crumbled fresh goat cheese and dried tomatoes. Balsamic vinaigrette.\" \/>\n<meta property=\"og:url\" content=\"https:\/\/www.tatiecroutons.com\/fr\/produit\/coup-de-coeur\/\" \/>\n<meta property=\"og:site_name\" content=\"Tatie Cro\u00fbtons\" \/>\n<meta property=\"article:publisher\" content=\"https:\/\/www.facebook.com\/tatiecroutons\" \/>\n<meta property=\"article:modified_time\" content=\"2025-11-12T19:02:58+00:00\" \/>\n<meta property=\"og:image\" content=\"https:\/\/new.tatiecroutons.com\/wp-content\/uploads\/2025\/07\/tatiecroutons-salade-coup-de-coeur-scaled.jpg\" \/>\n\t<meta property=\"og:image:width\" content=\"2560\" \/>\n\t<meta property=\"og:image:height\" content=\"1707\" \/>\n\t<meta property=\"og:image:type\" content=\"image\/jpeg\" \/>\n<meta name=\"twitter:card\" content=\"summary_large_image\" \/>\n<meta name=\"twitter:label1\" content=\"Dur\u00e9e de lecture estim\u00e9e\" \/>\n\t<meta name=\"twitter:data1\" content=\"1 minute\" \/>\n<script type=\"application\/ld+json\" class=\"yoast-schema-graph\">{\"@context\":\"https:\/\/schema.org\",\"@graph\":[{\"@type\":\"WebPage\",\"@id\":\"https:\/\/www.tatiecroutons.com\/product\/coup-de-coeur\/\",\"url\":\"https:\/\/www.tatiecroutons.com\/product\/coup-de-coeur\/\",\"name\":\"Coup de Coeur - Tatie Cro\u00fbtons\",\"isPartOf\":{\"@id\":\"https:\/\/new.tatiecroutons.com\/#website\"},\"primaryImageOfPage\":{\"@id\":\"https:\/\/www.tatiecroutons.com\/product\/coup-de-coeur\/#primaryimage\"},\"image\":{\"@id\":\"https:\/\/www.tatiecroutons.com\/product\/coup-de-coeur\/#primaryimage\"},\"thumbnailUrl\":\"https:\/\/www.tatiecroutons.com\/wp-content\/uploads\/2025\/07\/tatiecroutons-salade-coup-de-coeur-scaled.jpg\",\"datePublished\":\"2025-07-16T09:37:16+00:00\",\"dateModified\":\"2025-11-12T19:02:58+00:00\",\"breadcrumb\":{\"@id\":\"https:\/\/www.tatiecroutons.com\/product\/coup-de-coeur\/#breadcrumb\"},\"inLanguage\":\"fr-FR\",\"potentialAction\":[{\"@type\":\"ReadAction\",\"target\":[\"https:\/\/www.tatiecroutons.com\/product\/coup-de-coeur\/\"]}]},{\"@type\":\"ImageObject\",\"inLanguage\":\"fr-FR\",\"@id\":\"https:\/\/www.tatiecroutons.com\/product\/coup-de-coeur\/#primaryimage\",\"url\":\"https:\/\/www.tatiecroutons.com\/wp-content\/uploads\/2025\/07\/tatiecroutons-salade-coup-de-coeur-scaled.jpg\",\"contentUrl\":\"https:\/\/www.tatiecroutons.com\/wp-content\/uploads\/2025\/07\/tatiecroutons-salade-coup-de-coeur-scaled.jpg\",\"width\":2560,\"height\":1707,\"caption\":\"Salad - Coup de Coeur\"},{\"@type\":\"BreadcrumbList\",\"@id\":\"https:\/\/www.tatiecroutons.com\/product\/coup-de-coeur\/#breadcrumb\",\"itemListElement\":[{\"@type\":\"ListItem\",\"position\":1,\"name\":\"Accueil\",\"item\":\"https:\/\/www.tatiecroutons.com\/\"},{\"@type\":\"ListItem\",\"position\":2,\"name\":\"Menu\",\"item\":\"https:\/\/new.tatiecroutons.com\/menu\/\"},{\"@type\":\"ListItem\",\"position\":3,\"name\":\"Coup de Coeur\"}]},{\"@type\":\"WebSite\",\"@id\":\"https:\/\/new.tatiecroutons.com\/#website\",\"url\":\"https:\/\/new.tatiecroutons.com\/\",\"name\":\"Tatie Cro\u00fbtons\",\"description\":\"Le vrai sandwich artisanal\",\"publisher\":{\"@id\":\"https:\/\/new.tatiecroutons.com\/#organization\"},\"potentialAction\":[{\"@type\":\"SearchAction\",\"target\":{\"@type\":\"EntryPoint\",\"urlTemplate\":\"https:\/\/new.tatiecroutons.com\/?s={search_term_string}\"},\"query-input\":{\"@type\":\"PropertyValueSpecification\",\"valueRequired\":true,\"valueName\":\"search_term_string\"}}],\"inLanguage\":\"fr-FR\"},{\"@type\":\"Organization\",\"@id\":\"https:\/\/new.tatiecroutons.com\/#organization\",\"name\":\"Tatie Cro\u00fbtons\",\"url\":\"https:\/\/new.tatiecroutons.com\/\",\"logo\":{\"@type\":\"ImageObject\",\"inLanguage\":\"fr-FR\",\"@id\":\"https:\/\/new.tatiecroutons.com\/#\/schema\/logo\/image\/\",\"url\":\"https:\/\/www.tatiecroutons.com\/wp-content\/uploads\/2025\/07\/logo-tatie-croutons.svg\",\"contentUrl\":\"https:\/\/www.tatiecroutons.com\/wp-content\/uploads\/2025\/07\/logo-tatie-croutons.svg\",\"width\":\"1024\",\"height\":\"1024\",\"caption\":\"Tatie Cro\u00fbtons\"},\"image\":{\"@id\":\"https:\/\/new.tatiecroutons.com\/#\/schema\/logo\/image\/\"},\"sameAs\":[\"https:\/\/www.facebook.com\/tatiecroutons\",\"https:\/\/www.linkedin.com\/company\/tatie-crotons\",\"https:\/\/www.instagram.com\/tatiecroutons\"]}]}<\/script>\n<!-- \/ Yoast SEO plugin. -->","yoast_head_json":{"title":"Coup de Coeur - Tatie Cro\u00fbtons","robots":{"index":"index","follow":"follow","max-snippet":"max-snippet:-1","max-image-preview":"max-image-preview:large","max-video-preview":"max-video-preview:-1"},"canonical":"https:\/\/www.tatiecroutons.com\/fr\/produit\/coup-de-coeur\/","og_locale":"fr_FR","og_type":"article","og_title":"Coup de Coeur - Tatie Cro\u00fbtons","og_description":"Mixed salad, arugula, grilled pine nuts, crumbled fresh goat cheese and dried tomatoes. Balsamic vinaigrette.","og_url":"https:\/\/www.tatiecroutons.com\/fr\/produit\/coup-de-coeur\/","og_site_name":"Tatie Cro\u00fbtons","article_publisher":"https:\/\/www.facebook.com\/tatiecroutons","article_modified_time":"2025-11-12T19:02:58+00:00","og_image":[{"width":2560,"height":1707,"url":"https:\/\/new.tatiecroutons.com\/wp-content\/uploads\/2025\/07\/tatiecroutons-salade-coup-de-coeur-scaled.jpg","type":"image\/jpeg"}],"twitter_card":"summary_large_image","twitter_misc":{"Dur\u00e9e de lecture estim\u00e9e":"1 minute"},"schema":{"@context":"https:\/\/schema.org","@graph":[{"@type":"WebPage","@id":"https:\/\/www.tatiecroutons.com\/product\/coup-de-coeur\/","url":"https:\/\/www.tatiecroutons.com\/product\/coup-de-coeur\/","name":"Coup de Coeur - Tatie Cro\u00fbtons","isPartOf":{"@id":"https:\/\/new.tatiecroutons.com\/#website"},"primaryImageOfPage":{"@id":"https:\/\/www.tatiecroutons.com\/product\/coup-de-coeur\/#primaryimage"},"image":{"@id":"https:\/\/www.tatiecroutons.com\/product\/coup-de-coeur\/#primaryimage"},"thumbnailUrl":"https:\/\/www.tatiecroutons.com\/wp-content\/uploads\/2025\/07\/tatiecroutons-salade-coup-de-coeur-scaled.jpg","datePublished":"2025-07-16T09:37:16+00:00","dateModified":"2025-11-12T19:02:58+00:00","breadcrumb":{"@id":"https:\/\/www.tatiecroutons.com\/product\/coup-de-coeur\/#breadcrumb"},"inLanguage":"fr-FR","potentialAction":[{"@type":"ReadAction","target":["https:\/\/www.tatiecroutons.com\/product\/coup-de-coeur\/"]}]},{"@type":"ImageObject","inLanguage":"fr-FR","@id":"https:\/\/www.tatiecroutons.com\/product\/coup-de-coeur\/#primaryimage","url":"https:\/\/www.tatiecroutons.com\/wp-content\/uploads\/2025\/07\/tatiecroutons-salade-coup-de-coeur-scaled.jpg","contentUrl":"https:\/\/www.tatiecroutons.com\/wp-content\/uploads\/2025\/07\/tatiecroutons-salade-coup-de-coeur-scaled.jpg","width":2560,"height":1707,"caption":"Salad - Coup de Coeur"},{"@type":"BreadcrumbList","@id":"https:\/\/www.tatiecroutons.com\/product\/coup-de-coeur\/#breadcrumb","itemListElement":[{"@type":"ListItem","position":1,"name":"Accueil","item":"https:\/\/www.tatiecroutons.com\/"},{"@type":"ListItem","position":2,"name":"Menu","item":"https:\/\/new.tatiecroutons.com\/menu\/"},{"@type":"ListItem","position":3,"name":"Coup de Coeur"}]},{"@type":"WebSite","@id":"https:\/\/new.tatiecroutons.com\/#website","url":"https:\/\/new.tatiecroutons.com\/","name":"Tatie Cro\u00fbtons","description":"Le vrai sandwich artisanal","publisher":{"@id":"https:\/\/new.tatiecroutons.com\/#organization"},"potentialAction":[{"@type":"SearchAction","target":{"@type":"EntryPoint","urlTemplate":"https:\/\/new.tatiecroutons.com\/?s={search_term_string}"},"query-input":{"@type":"PropertyValueSpecification","valueRequired":true,"valueName":"search_term_string"}}],"inLanguage":"fr-FR"},{"@type":"Organization","@id":"https:\/\/new.tatiecroutons.com\/#organization","name":"Tatie Cro\u00fbtons","url":"https:\/\/new.tatiecroutons.com\/","logo":{"@type":"ImageObject","inLanguage":"fr-FR","@id":"https:\/\/new.tatiecroutons.com\/#\/schema\/logo\/image\/","url":"https:\/\/www.tatiecroutons.com\/wp-content\/uploads\/2025\/07\/logo-tatie-croutons.svg","contentUrl":"https:\/\/www.tatiecroutons.com\/wp-content\/uploads\/2025\/07\/logo-tatie-croutons.svg","width":"1024","height":"1024","caption":"Tatie Cro\u00fbtons"},"image":{"@id":"https:\/\/new.tatiecroutons.com\/#\/schema\/logo\/image\/"},"sameAs":["https:\/\/www.facebook.com\/tatiecroutons","https:\/\/www.linkedin.com\/company\/tatie-crotons","https:\/\/www.instagram.com\/tatiecroutons"]}]}},"uagb_featured_image_src":{"full":["https:\/\/www.tatiecroutons.com\/wp-content\/uploads\/2025\/07\/tatiecroutons-salade-coup-de-coeur-scaled.jpg",2560,1707,false],"thumbnail":["https:\/\/www.tatiecroutons.com\/wp-content\/uploads\/2025\/07\/tatiecroutons-salade-coup-de-coeur-150x150.jpg",150,150,true],"medium":["https:\/\/www.tatiecroutons.com\/wp-content\/uploads\/2025\/07\/tatiecroutons-salade-coup-de-coeur-300x200.jpg",300,200,true],"medium_large":["https:\/\/www.tatiecroutons.com\/wp-content\/uploads\/2025\/07\/tatiecroutons-salade-coup-de-coeur-768x512.jpg",768,512,true],"large":["https:\/\/www.tatiecroutons.com\/wp-content\/uploads\/2025\/07\/tatiecroutons-salade-coup-de-coeur-1024x683.jpg",1024,683,true],"1536x1536":["https:\/\/www.tatiecroutons.com\/wp-content\/uploads\/2025\/07\/tatiecroutons-salade-coup-de-coeur-1536x1024.jpg",1536,1024,true],"2048x2048":["https:\/\/www.tatiecroutons.com\/wp-content\/uploads\/2025\/07\/tatiecroutons-salade-coup-de-coeur-2048x1365.jpg",2048,1365,true],"trp-custom-language-flag":["https:\/\/www.tatiecroutons.com\/wp-content\/uploads\/2025\/07\/tatiecroutons-salade-coup-de-coeur-18x12.jpg",18,12,true],"woocommerce_thumbnail":["https:\/\/www.tatiecroutons.com\/wp-content\/uploads\/2025\/07\/tatiecroutons-salade-coup-de-coeur-300x300.jpg",300,300,true],"woocommerce_single":["https:\/\/www.tatiecroutons.com\/wp-content\/uploads\/2025\/07\/tatiecroutons-salade-coup-de-coeur-600x400.jpg",600,400,true],"woocommerce_gallery_thumbnail":["https:\/\/www.tatiecroutons.com\/wp-content\/uploads\/2025\/07\/tatiecroutons-salade-coup-de-coeur-100x100.jpg",100,100,true]},"uagb_author_info":{"display_name":"Aur\u00e9lie Tollet","author_link":"https:\/\/www.tatiecroutons.com\/fr\/author\/"},"uagb_comment_info":0,"uagb_excerpt":"Mixed salad, arugula, grilled pine nuts, crumbled fresh goat cheese and dried tomatoes. Balsamic vinaigrette.","_links":{"self":[{"href":"https:\/\/www.tatiecroutons.com\/fr\/wp-json\/wp\/v2\/product\/499","targetHints":{"allow":["GET"]}}],"collection":[{"href":"https:\/\/www.tatiecroutons.com\/fr\/wp-json\/wp\/v2\/product"}],"about":[{"href":"https:\/\/www.tatiecroutons.com\/fr\/wp-json\/wp\/v2\/types\/product"}],"replies":[{"embeddable":true,"href":"https:\/\/www.tatiecroutons.com\/fr\/wp-json\/wp\/v2\/comments?post=499"}],"wp:featuredmedia":[{"embeddable":true,"href":"https:\/\/www.tatiecroutons.com\/fr\/wp-json\/wp\/v2\/media\/1882"}],"wp:attachment":[{"href":"https:\/\/www.tatiecroutons.com\/fr\/wp-json\/wp\/v2\/media?parent=499"}],"wp:term":[{"taxonomy":"product_brand","embeddable":true,"href":"https:\/\/www.tatiecroutons.com\/fr\/wp-json\/wp\/v2\/product_brand?post=499"},{"taxonomy":"product_cat","embeddable":true,"href":"https:\/\/www.tatiecroutons.com\/fr\/wp-json\/wp\/v2\/product_cat?post=499"},{"taxonomy":"product_tag","embeddable":true,"href":"https:\/\/www.tatiecroutons.com\/fr\/wp-json\/wp\/v2\/product_tag?post=499"}],"curies":[{"name":"wp","href":"https:\/\/api.w.org\/{rel}","templated":true}]}}