{"id":2288,"date":"2025-11-27T16:27:38","date_gmt":"2025-11-27T15:27:38","guid":{"rendered":"https:\/\/www.tatiecroutons.com\/?post_type=product&#038;p=2288"},"modified":"2026-04-09T13:34:11","modified_gmt":"2026-04-09T11:34:11","slug":"strawberry-salad","status":"publish","type":"product","link":"https:\/\/www.tatiecroutons.com\/fr\/produit\/strawberry-salad\/","title":{"rendered":"Salade aux fraises"},"content":{"rendered":"<div id=\"short_description_content\" class=\"rte align_justify\">Salade m\u00e9lang\u00e9e avec roquette, fraises, ch\u00e8vre, jambon italien pignons, tomates cerises et menthes.<\/div>","protected":false},"excerpt":{"rendered":"<p>Salade m\u00e9lang\u00e9e avec roquette, fraises, ch\u00e8vre, jambon italien pignons, tomates cerises et menthes.<\/p>","protected":false},"featured_media":2289,"comment_status":"open","ping_status":"closed","template":"","meta":{"inline_featured_image":false,"_uag_custom_page_level_css":""},"product_brand":[],"product_cat":[18],"product_tag":[],"class_list":{"0":"post-2288","1":"product","2":"type-product","3":"status-publish","4":"has-post-thumbnail","6":"product_cat-salads","7":"product_shipping_class-lunch-delivery","9":"first","10":"","11":"taxable","12":"shipping-taxable","13":"purchasable","14":"product-type-simple"},"yoast_head":"<!-- This site is optimized with the Yoast SEO plugin v27.4 - https:\/\/yoast.com\/product\/yoast-seo-wordpress\/ -->\n<title>Strawberry salad - Tatie Cro\u00fbtons<\/title>\n<meta name=\"robots\" content=\"index, follow, max-snippet:-1, max-image-preview:large, max-video-preview:-1\" \/>\n<link rel=\"canonical\" href=\"https:\/\/www.tatiecroutons.com\/fr\/produit\/strawberry-salad\/\" \/>\n<meta property=\"og:locale\" content=\"fr_FR\" \/>\n<meta property=\"og:type\" content=\"article\" \/>\n<meta property=\"og:title\" content=\"Strawberry salad - Tatie Cro\u00fbtons\" \/>\n<meta property=\"og:description\" content=\"Mixed salad with arugula, strawberries, goat cheese, Italian ham pine nuts, cherry tomatoes and mints.\" \/>\n<meta property=\"og:url\" content=\"https:\/\/www.tatiecroutons.com\/fr\/produit\/strawberry-salad\/\" \/>\n<meta property=\"og:site_name\" content=\"Tatie Cro\u00fbtons\" \/>\n<meta property=\"article:publisher\" content=\"https:\/\/www.facebook.com\/tatiecroutons\" \/>\n<meta property=\"article:modified_time\" content=\"2026-04-09T11:34:11+00:00\" \/>\n<meta property=\"og:image\" content=\"https:\/\/www.tatiecroutons.com\/wp-content\/uploads\/2025\/11\/salad-fraise.jpg\" \/>\n\t<meta property=\"og:image:width\" content=\"1196\" \/>\n\t<meta property=\"og:image:height\" content=\"1200\" \/>\n\t<meta property=\"og:image:type\" content=\"image\/jpeg\" \/>\n<meta name=\"twitter:card\" content=\"summary_large_image\" \/>\n<meta name=\"twitter:label1\" content=\"Dur\u00e9e de lecture estim\u00e9e\" \/>\n\t<meta name=\"twitter:data1\" content=\"1 minute\" \/>\n<script type=\"application\/ld+json\" class=\"yoast-schema-graph\">{\"@context\":\"https:\\\/\\\/schema.org\",\"@graph\":[{\"@type\":\"WebPage\",\"@id\":\"https:\\\/\\\/www.tatiecroutons.com\\\/product\\\/strawberry-salad\\\/\",\"url\":\"https:\\\/\\\/www.tatiecroutons.com\\\/product\\\/strawberry-salad\\\/\",\"name\":\"Strawberry salad - Tatie Cro\u00fbtons\",\"isPartOf\":{\"@id\":\"https:\\\/\\\/new.tatiecroutons.com\\\/#website\"},\"primaryImageOfPage\":{\"@id\":\"https:\\\/\\\/www.tatiecroutons.com\\\/product\\\/strawberry-salad\\\/#primaryimage\"},\"image\":{\"@id\":\"https:\\\/\\\/www.tatiecroutons.com\\\/product\\\/strawberry-salad\\\/#primaryimage\"},\"thumbnailUrl\":\"https:\\\/\\\/www.tatiecroutons.com\\\/wp-content\\\/uploads\\\/2025\\\/11\\\/salad-fraise.jpg\",\"datePublished\":\"2025-11-27T15:27:38+00:00\",\"dateModified\":\"2026-04-09T11:34:11+00:00\",\"breadcrumb\":{\"@id\":\"https:\\\/\\\/www.tatiecroutons.com\\\/product\\\/strawberry-salad\\\/#breadcrumb\"},\"inLanguage\":\"fr-FR\",\"potentialAction\":[{\"@type\":\"ReadAction\",\"target\":[\"https:\\\/\\\/www.tatiecroutons.com\\\/product\\\/strawberry-salad\\\/\"]}]},{\"@type\":\"ImageObject\",\"inLanguage\":\"fr-FR\",\"@id\":\"https:\\\/\\\/www.tatiecroutons.com\\\/product\\\/strawberry-salad\\\/#primaryimage\",\"url\":\"https:\\\/\\\/www.tatiecroutons.com\\\/wp-content\\\/uploads\\\/2025\\\/11\\\/salad-fraise.jpg\",\"contentUrl\":\"https:\\\/\\\/www.tatiecroutons.com\\\/wp-content\\\/uploads\\\/2025\\\/11\\\/salad-fraise.jpg\",\"width\":1196,\"height\":1200,\"caption\":\"Salad - Fraise\"},{\"@type\":\"BreadcrumbList\",\"@id\":\"https:\\\/\\\/www.tatiecroutons.com\\\/product\\\/strawberry-salad\\\/#breadcrumb\",\"itemListElement\":[{\"@type\":\"ListItem\",\"position\":1,\"name\":\"Accueil\",\"item\":\"https:\\\/\\\/www.tatiecroutons.com\\\/\"},{\"@type\":\"ListItem\",\"position\":2,\"name\":\"Menu\",\"item\":\"https:\\\/\\\/new.tatiecroutons.com\\\/menu\\\/\"},{\"@type\":\"ListItem\",\"position\":3,\"name\":\"Strawberry salad\"}]},{\"@type\":\"WebSite\",\"@id\":\"https:\\\/\\\/new.tatiecroutons.com\\\/#website\",\"url\":\"https:\\\/\\\/new.tatiecroutons.com\\\/\",\"name\":\"Tatie Cro\u00fbtons\",\"description\":\"Le vrai sandwich artisanal\",\"publisher\":{\"@id\":\"https:\\\/\\\/new.tatiecroutons.com\\\/#organization\"},\"potentialAction\":[{\"@type\":\"SearchAction\",\"target\":{\"@type\":\"EntryPoint\",\"urlTemplate\":\"https:\\\/\\\/new.tatiecroutons.com\\\/?s={search_term_string}\"},\"query-input\":{\"@type\":\"PropertyValueSpecification\",\"valueRequired\":true,\"valueName\":\"search_term_string\"}}],\"inLanguage\":\"fr-FR\"},{\"@type\":\"Organization\",\"@id\":\"https:\\\/\\\/new.tatiecroutons.com\\\/#organization\",\"name\":\"Tatie Cro\u00fbtons\",\"url\":\"https:\\\/\\\/new.tatiecroutons.com\\\/\",\"logo\":{\"@type\":\"ImageObject\",\"inLanguage\":\"fr-FR\",\"@id\":\"https:\\\/\\\/new.tatiecroutons.com\\\/#\\\/schema\\\/logo\\\/image\\\/\",\"url\":\"https:\\\/\\\/www.tatiecroutons.com\\\/wp-content\\\/uploads\\\/2025\\\/07\\\/logo-tatie-croutons.svg\",\"contentUrl\":\"https:\\\/\\\/www.tatiecroutons.com\\\/wp-content\\\/uploads\\\/2025\\\/07\\\/logo-tatie-croutons.svg\",\"width\":\"1024\",\"height\":\"1024\",\"caption\":\"Tatie Cro\u00fbtons\"},\"image\":{\"@id\":\"https:\\\/\\\/new.tatiecroutons.com\\\/#\\\/schema\\\/logo\\\/image\\\/\"},\"sameAs\":[\"https:\\\/\\\/www.facebook.com\\\/tatiecroutons\",\"https:\\\/\\\/www.linkedin.com\\\/company\\\/tatie-crotons\",\"https:\\\/\\\/www.instagram.com\\\/tatiecroutons\"]}]}<\/script>\n<!-- \/ Yoast SEO plugin. -->","yoast_head_json":{"title":"Strawberry salad - Tatie Cro\u00fbtons","robots":{"index":"index","follow":"follow","max-snippet":"max-snippet:-1","max-image-preview":"max-image-preview:large","max-video-preview":"max-video-preview:-1"},"canonical":"https:\/\/www.tatiecroutons.com\/fr\/produit\/strawberry-salad\/","og_locale":"fr_FR","og_type":"article","og_title":"Strawberry salad - Tatie Cro\u00fbtons","og_description":"Mixed salad with arugula, strawberries, goat cheese, Italian ham pine nuts, cherry tomatoes and mints.","og_url":"https:\/\/www.tatiecroutons.com\/fr\/produit\/strawberry-salad\/","og_site_name":"Tatie Cro\u00fbtons","article_publisher":"https:\/\/www.facebook.com\/tatiecroutons","article_modified_time":"2026-04-09T11:34:11+00:00","og_image":[{"width":1196,"height":1200,"url":"https:\/\/www.tatiecroutons.com\/wp-content\/uploads\/2025\/11\/salad-fraise.jpg","type":"image\/jpeg"}],"twitter_card":"summary_large_image","twitter_misc":{"Dur\u00e9e de lecture estim\u00e9e":"1 minute"},"schema":{"@context":"https:\/\/schema.org","@graph":[{"@type":"WebPage","@id":"https:\/\/www.tatiecroutons.com\/product\/strawberry-salad\/","url":"https:\/\/www.tatiecroutons.com\/product\/strawberry-salad\/","name":"Strawberry salad - Tatie Cro\u00fbtons","isPartOf":{"@id":"https:\/\/new.tatiecroutons.com\/#website"},"primaryImageOfPage":{"@id":"https:\/\/www.tatiecroutons.com\/product\/strawberry-salad\/#primaryimage"},"image":{"@id":"https:\/\/www.tatiecroutons.com\/product\/strawberry-salad\/#primaryimage"},"thumbnailUrl":"https:\/\/www.tatiecroutons.com\/wp-content\/uploads\/2025\/11\/salad-fraise.jpg","datePublished":"2025-11-27T15:27:38+00:00","dateModified":"2026-04-09T11:34:11+00:00","breadcrumb":{"@id":"https:\/\/www.tatiecroutons.com\/product\/strawberry-salad\/#breadcrumb"},"inLanguage":"fr-FR","potentialAction":[{"@type":"ReadAction","target":["https:\/\/www.tatiecroutons.com\/product\/strawberry-salad\/"]}]},{"@type":"ImageObject","inLanguage":"fr-FR","@id":"https:\/\/www.tatiecroutons.com\/product\/strawberry-salad\/#primaryimage","url":"https:\/\/www.tatiecroutons.com\/wp-content\/uploads\/2025\/11\/salad-fraise.jpg","contentUrl":"https:\/\/www.tatiecroutons.com\/wp-content\/uploads\/2025\/11\/salad-fraise.jpg","width":1196,"height":1200,"caption":"Salad - Fraise"},{"@type":"BreadcrumbList","@id":"https:\/\/www.tatiecroutons.com\/product\/strawberry-salad\/#breadcrumb","itemListElement":[{"@type":"ListItem","position":1,"name":"Accueil","item":"https:\/\/www.tatiecroutons.com\/"},{"@type":"ListItem","position":2,"name":"Menu","item":"https:\/\/new.tatiecroutons.com\/menu\/"},{"@type":"ListItem","position":3,"name":"Strawberry salad"}]},{"@type":"WebSite","@id":"https:\/\/new.tatiecroutons.com\/#website","url":"https:\/\/new.tatiecroutons.com\/","name":"Tatie Cro\u00fbtons","description":"Le vrai sandwich artisanal","publisher":{"@id":"https:\/\/new.tatiecroutons.com\/#organization"},"potentialAction":[{"@type":"SearchAction","target":{"@type":"EntryPoint","urlTemplate":"https:\/\/new.tatiecroutons.com\/?s={search_term_string}"},"query-input":{"@type":"PropertyValueSpecification","valueRequired":true,"valueName":"search_term_string"}}],"inLanguage":"fr-FR"},{"@type":"Organization","@id":"https:\/\/new.tatiecroutons.com\/#organization","name":"Tatie Cro\u00fbtons","url":"https:\/\/new.tatiecroutons.com\/","logo":{"@type":"ImageObject","inLanguage":"fr-FR","@id":"https:\/\/new.tatiecroutons.com\/#\/schema\/logo\/image\/","url":"https:\/\/www.tatiecroutons.com\/wp-content\/uploads\/2025\/07\/logo-tatie-croutons.svg","contentUrl":"https:\/\/www.tatiecroutons.com\/wp-content\/uploads\/2025\/07\/logo-tatie-croutons.svg","width":"1024","height":"1024","caption":"Tatie Cro\u00fbtons"},"image":{"@id":"https:\/\/new.tatiecroutons.com\/#\/schema\/logo\/image\/"},"sameAs":["https:\/\/www.facebook.com\/tatiecroutons","https:\/\/www.linkedin.com\/company\/tatie-crotons","https:\/\/www.instagram.com\/tatiecroutons"]}]}},"uagb_featured_image_src":{"full":["https:\/\/www.tatiecroutons.com\/wp-content\/uploads\/2025\/11\/salad-fraise.jpg",1196,1200,false],"thumbnail":["https:\/\/www.tatiecroutons.com\/wp-content\/uploads\/2025\/11\/salad-fraise-150x150.jpg",150,150,true],"medium":["https:\/\/www.tatiecroutons.com\/wp-content\/uploads\/2025\/11\/salad-fraise-300x300.jpg",300,300,true],"medium_large":["https:\/\/www.tatiecroutons.com\/wp-content\/uploads\/2025\/11\/salad-fraise-768x771.jpg",768,771,true],"large":["https:\/\/www.tatiecroutons.com\/wp-content\/uploads\/2025\/11\/salad-fraise-1021x1024.jpg",1021,1024,true],"1536x1536":["https:\/\/www.tatiecroutons.com\/wp-content\/uploads\/2025\/11\/salad-fraise.jpg",1196,1200,false],"2048x2048":["https:\/\/www.tatiecroutons.com\/wp-content\/uploads\/2025\/11\/salad-fraise.jpg",1196,1200,false],"trp-custom-language-flag":["https:\/\/www.tatiecroutons.com\/wp-content\/uploads\/2025\/11\/salad-fraise-12x12.jpg",12,12,true],"woocommerce_thumbnail":["https:\/\/www.tatiecroutons.com\/wp-content\/uploads\/2025\/11\/salad-fraise-300x300.jpg",300,300,true],"woocommerce_single":["https:\/\/www.tatiecroutons.com\/wp-content\/uploads\/2025\/11\/salad-fraise-600x602.jpg",600,602,true],"woocommerce_gallery_thumbnail":["https:\/\/www.tatiecroutons.com\/wp-content\/uploads\/2025\/11\/salad-fraise-100x100.jpg",100,100,true]},"uagb_author_info":{"display_name":"Brice","author_link":"https:\/\/www.tatiecroutons.com\/fr\/author\/"},"uagb_comment_info":0,"uagb_excerpt":"Mixed salad with arugula, strawberries, goat cheese, Italian ham pine nuts, cherry tomatoes and mints.","_links":{"self":[{"href":"https:\/\/www.tatiecroutons.com\/fr\/wp-json\/wp\/v2\/product\/2288","targetHints":{"allow":["GET"]}}],"collection":[{"href":"https:\/\/www.tatiecroutons.com\/fr\/wp-json\/wp\/v2\/product"}],"about":[{"href":"https:\/\/www.tatiecroutons.com\/fr\/wp-json\/wp\/v2\/types\/product"}],"replies":[{"embeddable":true,"href":"https:\/\/www.tatiecroutons.com\/fr\/wp-json\/wp\/v2\/comments?post=2288"}],"wp:featuredmedia":[{"embeddable":true,"href":"https:\/\/www.tatiecroutons.com\/fr\/wp-json\/wp\/v2\/media\/2289"}],"wp:attachment":[{"href":"https:\/\/www.tatiecroutons.com\/fr\/wp-json\/wp\/v2\/media?parent=2288"}],"wp:term":[{"taxonomy":"product_brand","embeddable":true,"href":"https:\/\/www.tatiecroutons.com\/fr\/wp-json\/wp\/v2\/product_brand?post=2288"},{"taxonomy":"product_cat","embeddable":true,"href":"https:\/\/www.tatiecroutons.com\/fr\/wp-json\/wp\/v2\/product_cat?post=2288"},{"taxonomy":"product_tag","embeddable":true,"href":"https:\/\/www.tatiecroutons.com\/fr\/wp-json\/wp\/v2\/product_tag?post=2288"}],"curies":[{"name":"wp","href":"https:\/\/api.w.org\/{rel}","templated":true}]}}