{"id":955,"date":"2025-07-24T16:43:23","date_gmt":"2025-07-24T14:43:23","guid":{"rendered":"https:\/\/www.tatiecroutons.com\/?page_id=955"},"modified":"2025-10-23T11:21:06","modified_gmt":"2025-10-23T09:21:06","slug":"allergens","status":"publish","type":"page","link":"https:\/\/www.tatiecroutons.com\/fr\/allergens\/","title":{"rendered":"Allerg\u00e8nes"},"content":{"rendered":"<div class=\"wp-block-group has-global-padding is-layout-constrained wp-container-core-group-is-layout-32fda7dd wp-block-group-is-layout-constrained\" style=\"margin-bottom:var(--wp--preset--spacing--small);padding-right:0;padding-left:0\">\n<div class=\"wp-block-columns alignwide is-layout-flex wp-container-core-columns-is-layout-28f84493 wp-block-columns-is-layout-flex\">\n<div class=\"wp-block-column is-layout-flow wp-block-column-is-layout-flow\" style=\"flex-basis:80%\">\n<p class=\"has-rozha-one-font-family has-xx-large-font-size\" style=\"line-height:1\">Parce que votre bien-\u00eatre est au c\u0153ur de notre cuisine\u2026<\/p>\n<\/div>\n\n\n\n<div class=\"wp-block-column is-layout-flow wp-block-column-is-layout-flow\" style=\"flex-basis:20%\"><\/div>\n<\/div>\n<\/div>\n\n\n\n<div class=\"wp-block-group is-layout-flow wp-block-group-is-layout-flow\" style=\"margin-top:0;margin-bottom:var(--wp--preset--spacing--small);padding-top:0;padding-bottom:0\">\n<p>Ces derni\u00e8res ann\u00e9es, le nombre de personnes souffrant d\u2019allergies alimentaires a consid\u00e9rablement augment\u00e9. Par ailleurs, la l\u00e9gislation concernant l'information sur les allerg\u00e8nes a chang\u00e9 en 2014. Pour garantir une plus grande transparence, nous mettons \u00e0 votre disposition ci-dessous la liste des allerg\u00e8nes alimentaires pr\u00e9sents dans nos produits.<\/p>\n\n\n\n<p>Toutes les ic\u00f4nes correspondant aux allerg\u00e8nes sont indiqu\u00e9es sur la fiche, dans la description de chaque produit.<\/p>\n<\/div>\n\n\n\n<div class=\"wp-block-group has-border-color has-global-padding is-layout-constrained wp-container-core-group-is-layout-fe37f722 wp-block-group-is-layout-constrained\" style=\"border-color:#70b659;border-width:2px;border-radius:20px;padding-top:var(--wp--preset--spacing--small);padding-right:var(--wp--preset--spacing--large);padding-bottom:var(--wp--preset--spacing--large);padding-left:var(--wp--preset--spacing--large)\">\n<p class=\"has-text-align-center\" style=\"font-style:normal;font-weight:900\">Liste de 14 allerg\u00e8nes alimentaires<\/p>\n\n\n\n<div class=\"wp-block-columns is-layout-flex wp-container-core-columns-is-layout-91a87e75 wp-block-columns-is-layout-flex\">\n<div class=\"wp-block-column is-layout-flow wp-container-core-column-is-layout-c7b3064f wp-block-column-is-layout-flow\">\n<div class=\"wp-block-group is-nowrap is-layout-flex wp-container-core-group-is-layout-e088cbc5 wp-block-group-is-layout-flex\">\n<figure class=\"wp-block-image size-large is-resized\"><img decoding=\"async\" src=\"https:\/\/www.tatiecroutons.com\/wp-content\/uploads\/2025\/07\/gluten.svg\" alt=\"\" class=\"wp-image-959\" style=\"object-fit:cover;width:25px;height:25px\"\/><\/figure>\n\n\n\n<p>C\u00e9r\u00e9ales contenant du gluten<\/p>\n<\/div>\n\n\n\n<div class=\"wp-block-group is-nowrap is-layout-flex wp-container-core-group-is-layout-e088cbc5 wp-block-group-is-layout-flex\">\n<figure class=\"wp-block-image size-large is-resized\"><img decoding=\"async\" src=\"https:\/\/www.tatiecroutons.com\/wp-content\/uploads\/2025\/07\/crustace.svg\" alt=\"\" class=\"wp-image-964\" style=\"object-fit:cover;width:25px;height:auto\"\/><\/figure>\n\n\n\n<p>Crustac\u00e9s<\/p>\n<\/div>\n\n\n\n<div class=\"wp-block-group is-nowrap is-layout-flex wp-container-core-group-is-layout-e088cbc5 wp-block-group-is-layout-flex\">\n<figure class=\"wp-block-image size-large is-resized\"><img decoding=\"async\" src=\"https:\/\/www.tatiecroutons.com\/wp-content\/uploads\/2025\/07\/oeuf.svg\" alt=\"\" class=\"wp-image-983\" style=\"object-fit:cover;width:25px;height:25px\"\/><\/figure>\n\n\n\n<p>Oeufs<\/p>\n<\/div>\n\n\n\n<div class=\"wp-block-group is-nowrap is-layout-flex wp-container-core-group-is-layout-e088cbc5 wp-block-group-is-layout-flex\">\n<figure class=\"wp-block-image size-large is-resized\"><img decoding=\"async\" src=\"https:\/\/www.tatiecroutons.com\/wp-content\/uploads\/2025\/07\/poisson.svg\" alt=\"\" class=\"wp-image-984\" style=\"object-fit:cover;width:25px;height:25px\"\/><\/figure>\n\n\n\n<p>Le poisson<\/p>\n<\/div>\n\n\n\n<div class=\"wp-block-group is-nowrap is-layout-flex wp-container-core-group-is-layout-e088cbc5 wp-block-group-is-layout-flex\">\n<figure class=\"wp-block-image size-large is-resized\"><img decoding=\"async\" src=\"https:\/\/www.tatiecroutons.com\/wp-content\/uploads\/2025\/07\/arachide.svg\" alt=\"\" class=\"wp-image-962\" style=\"object-fit:cover;width:25px;height:25px\"\/><\/figure>\n\n\n\n<p>Arachide<\/p>\n<\/div>\n\n\n\n<div class=\"wp-block-group is-nowrap is-layout-flex wp-container-core-group-is-layout-e088cbc5 wp-block-group-is-layout-flex\">\n<figure class=\"wp-block-image size-large is-resized\"><img decoding=\"async\" src=\"https:\/\/www.tatiecroutons.com\/wp-content\/uploads\/2025\/07\/soja.svg\" alt=\"\" class=\"wp-image-988\" style=\"object-fit:cover;width:25px;height:auto\"\/><\/figure>\n\n\n\n<p>Soja<\/p>\n<\/div>\n\n\n\n<div class=\"wp-block-group is-nowrap is-layout-flex wp-container-core-group-is-layout-e088cbc5 wp-block-group-is-layout-flex\">\n<figure class=\"wp-block-image size-large is-resized\"><img decoding=\"async\" src=\"https:\/\/www.tatiecroutons.com\/wp-content\/uploads\/2025\/07\/lait.svg\" alt=\"\" class=\"wp-image-978\" style=\"object-fit:cover;width:25px;height:25px\"\/><\/figure>\n\n\n\n<p>Lait<\/p>\n<\/div>\n<\/div>\n\n\n\n<div class=\"wp-block-column is-layout-flow wp-container-core-column-is-layout-c7b3064f wp-block-column-is-layout-flow\">\n<div class=\"wp-block-group is-nowrap is-layout-flex wp-container-core-group-is-layout-e088cbc5 wp-block-group-is-layout-flex\">\n<figure class=\"wp-block-image size-large is-resized\"><img decoding=\"async\" src=\"https:\/\/www.tatiecroutons.com\/wp-content\/uploads\/2025\/07\/noix.svg\" alt=\"\" class=\"wp-image-982\" style=\"object-fit:cover;width:25px;height:25px\"\/><\/figure>\n\n\n\n<p>Noix<\/p>\n<\/div>\n\n\n\n<div class=\"wp-block-group is-nowrap is-layout-flex wp-container-core-group-is-layout-e088cbc5 wp-block-group-is-layout-flex\">\n<figure class=\"wp-block-image size-large is-resized\"><img decoding=\"async\" src=\"https:\/\/www.tatiecroutons.com\/wp-content\/uploads\/2025\/07\/celeri.svg\" alt=\"\" class=\"wp-image-963\" style=\"object-fit:cover;width:25px;height:auto\"\/><\/figure>\n\n\n\n<p>C\u00e9leri<\/p>\n<\/div>\n\n\n\n<div class=\"wp-block-group is-nowrap is-layout-flex wp-container-core-group-is-layout-e088cbc5 wp-block-group-is-layout-flex\">\n<figure class=\"wp-block-image size-large is-resized\"><img decoding=\"async\" src=\"https:\/\/www.tatiecroutons.com\/wp-content\/uploads\/2025\/07\/moutarde.svg\" alt=\"\" class=\"wp-image-981\" style=\"object-fit:cover;width:25px;height:25px\"\/><\/figure>\n\n\n\n<p>Moutarde<\/p>\n<\/div>\n\n\n\n<div class=\"wp-block-group is-nowrap is-layout-flex wp-container-core-group-is-layout-e088cbc5 wp-block-group-is-layout-flex\">\n<figure class=\"wp-block-image size-large is-resized\"><img decoding=\"async\" src=\"https:\/\/www.tatiecroutons.com\/wp-content\/uploads\/2025\/07\/sesame.svg\" alt=\"\" class=\"wp-image-985\" style=\"object-fit:cover;width:25px;height:25px\"\/><\/figure>\n\n\n\n<p>S\u00e9same<\/p>\n<\/div>\n\n\n\n<div class=\"wp-block-group is-nowrap is-layout-flex wp-container-core-group-is-layout-e088cbc5 wp-block-group-is-layout-flex\">\n<figure class=\"wp-block-image size-large is-resized\"><img decoding=\"async\" src=\"https:\/\/www.tatiecroutons.com\/wp-content\/uploads\/2025\/07\/molusque.svg\" alt=\"\" class=\"wp-image-980\" style=\"object-fit:cover;width:25px;height:25px\"\/><\/figure>\n\n\n\n<p>Mollusques<\/p>\n<\/div>\n\n\n\n<div class=\"wp-block-group is-nowrap is-layout-flex wp-container-core-group-is-layout-e088cbc5 wp-block-group-is-layout-flex\">\n<figure class=\"wp-block-image size-large is-resized\"><img decoding=\"async\" src=\"https:\/\/www.tatiecroutons.com\/wp-content\/uploads\/2025\/07\/lupin.svg\" alt=\"\" class=\"wp-image-979\" style=\"object-fit:cover;width:25px;height:auto\"\/><\/figure>\n\n\n\n<p>Lupin<\/p>\n<\/div>\n\n\n\n<div class=\"wp-block-group is-nowrap is-layout-flex wp-container-core-group-is-layout-e088cbc5 wp-block-group-is-layout-flex\">\n<figure class=\"wp-block-image size-large is-resized\"><img decoding=\"async\" src=\"https:\/\/www.tatiecroutons.com\/wp-content\/uploads\/2025\/07\/sulfite.svg\" alt=\"\" class=\"wp-image-991\" style=\"object-fit:cover;width:25px;height:25px\"\/><\/figure>\n\n\n\n<p>Sulfites<\/p>\n<\/div>\n<\/div>\n<\/div>\n<\/div>\n\n\n\n<div class=\"wp-block-group is-layout-flow wp-block-group-is-layout-flow\" style=\"margin-top:var(--wp--preset--spacing--large);margin-bottom:var(--wp--preset--spacing--xxx-large);padding-top:0;padding-bottom:0\">\n<div class=\"wp-block-columns is-layout-flex wp-container-core-columns-is-layout-9a457955 wp-block-columns-is-layout-flex\" style=\"margin-bottom:var(--wp--preset--spacing--large)\">\n<div class=\"wp-block-column is-layout-flow wp-block-column-is-layout-flow\" style=\"flex-basis:40%\">\n<div class=\"wp-block-cover\" style=\"border-style:none;border-width:0px;border-radius:20px;min-height:424px;aspect-ratio:unset;\"><img loading=\"lazy\" decoding=\"async\" width=\"1024\" height=\"683\" class=\"wp-block-cover__image-background wp-image-150 size-large\" alt=\"\" src=\"https:\/\/www.tatiecroutons.com\/wp-content\/uploads\/2025\/07\/Breads-1024x683.jpg\" data-object-fit=\"cover\" srcset=\"https:\/\/www.tatiecroutons.com\/wp-content\/uploads\/2025\/07\/Breads-1024x683.jpg 1024w, https:\/\/www.tatiecroutons.com\/wp-content\/uploads\/2025\/07\/Breads-300x200.jpg 300w, https:\/\/www.tatiecroutons.com\/wp-content\/uploads\/2025\/07\/Breads-768x512.jpg 768w, https:\/\/www.tatiecroutons.com\/wp-content\/uploads\/2025\/07\/Breads-1536x1024.jpg 1536w, https:\/\/www.tatiecroutons.com\/wp-content\/uploads\/2025\/07\/Breads-2048x1365.jpg 2048w, https:\/\/www.tatiecroutons.com\/wp-content\/uploads\/2025\/07\/Breads-18x12.jpg 18w, https:\/\/www.tatiecroutons.com\/wp-content\/uploads\/2025\/07\/Breads-600x400.jpg 600w\" sizes=\"auto, (max-width: 1024px) 100vw, 1024px\" \/><span aria-hidden=\"true\" class=\"wp-block-cover__background has-background-dim-0 has-background-dim\"><\/span><div class=\"wp-block-cover__inner-container has-global-padding is-layout-constrained wp-block-cover-is-layout-constrained\">\n<p class=\"has-text-align-center has-large-font-size\"><\/p>\n<\/div><\/div>\n<\/div>\n\n\n\n<div class=\"wp-block-column is-layout-flow wp-block-column-is-layout-flow\" style=\"flex-basis:60%\">\n<h3 class=\"wp-block-heading has-xx-large-font-size\">Nos produits<\/h3>\n\n\n\n<p>Chez Tatie Cro\u00fbtons, nous nous engageons \u00e0 vous offrir une totale transparence. Les ingr\u00e9dients de nos sandwichs et salades sont soigneusement d\u00e9taill\u00e9s pour chaque produit. Nos recettes pouvant changer selon les saisons ou les disponibilit\u00e9s, nous vous recommandons de consulter notre carte r\u00e9guli\u00e8rement. Puisque tous nos produits sont pr\u00e9par\u00e9s sur place et non pr\u00e9emball\u00e9s, ils ne sont pas accompagn\u00e9s d\u2019\u00e9tiquettes. Mais ne vous inqui\u00e9tez pas : notre \u00e9quipe se fera un plaisir de vous fournir des informations sur demande.<\/p>\n\n\n\n<div class=\"wp-block-buttons is-layout-flex wp-block-buttons-is-layout-flex\">\n<div class=\"wp-block-button has-custom-width wp-block-button__width-100 is-style-button-brand popup-trigger is-style-button-brand--1\"><a class=\"wp-block-button__link wp-element-button\" href=\"https:\/\/www.tatiecroutons.com\/fr\/menu\/\">nos produits<\/a><\/div>\n<\/div>\n<\/div>\n<\/div>\n\n\n\n<p>Nous mettons tout en \u0153uvre pour vous informer de la pr\u00e9sence d\u2019allerg\u00e8nes dans nos produits. Cependant, malgr\u00e9 notre vigilance en cuisine, le risque de contamination crois\u00e9e ne peut \u00eatre totalement exclu. Si vous avez des questions ou des besoins sp\u00e9cifiques, n\u2019h\u00e9sitez pas \u00e0 nous contacter : nous sommes l\u00e0 pour vous \u00e9couter et vous accompagner du mieux que nous pouvons.<\/p>\n<\/div>","protected":false},"excerpt":{"rendered":"<p>Because your well-being is at the heart of our cuisine&#8230; In recent years, the number of people suffering from food allergies has increased significantly. In addition, legislation regarding allergen information changed in 2014. To ensure greater transparency, we provide you with a list of food allergens present in our products below. All icons corresponding to [&hellip;]<\/p>","protected":false},"author":2,"featured_media":0,"parent":0,"menu_order":0,"comment_status":"closed","ping_status":"closed","template":"pages-petit-titre","meta":{"inline_featured_image":false,"_uag_custom_page_level_css":"","footnotes":""},"class_list":["post-955","page","type-page","status-publish","hentry"],"yoast_head":"<!-- This site is optimized with the Yoast SEO plugin v26.6 - https:\/\/yoast.com\/wordpress\/plugins\/seo\/ -->\n<title>Food allergens - Tatie Cro\u00fbtons<\/title>\n<meta name=\"description\" content=\"Consult the list of food allergens present in our products. Transparency and safety for all our customers.\" \/>\n<meta name=\"robots\" content=\"index, follow, max-snippet:-1, max-image-preview:large, max-video-preview:-1\" \/>\n<link rel=\"canonical\" href=\"https:\/\/new.tatiecroutons.com\/allergens\/\" \/>\n<meta property=\"og:locale\" content=\"fr_FR\" \/>\n<meta property=\"og:type\" content=\"article\" \/>\n<meta property=\"og:title\" content=\"Food allergens - Tatie Cro\u00fbtons\" \/>\n<meta property=\"og:description\" content=\"Consult the list of food allergens present in our products. Transparency and safety for all our customers.\" \/>\n<meta property=\"og:url\" content=\"https:\/\/new.tatiecroutons.com\/allergens\/\" \/>\n<meta property=\"og:site_name\" content=\"Tatie Cro\u00fbtons\" \/>\n<meta property=\"article:publisher\" content=\"https:\/\/www.facebook.com\/tatiecroutons\" \/>\n<meta property=\"article:modified_time\" content=\"2025-10-23T09:21:06+00:00\" \/>\n<meta name=\"twitter:card\" content=\"summary_large_image\" \/>\n<meta name=\"twitter:label1\" content=\"Dur\u00e9e de lecture estim\u00e9e\" \/>\n\t<meta name=\"twitter:data1\" content=\"4 minutes\" \/>\n<script type=\"application\/ld+json\" class=\"yoast-schema-graph\">{\"@context\":\"https:\/\/schema.org\",\"@graph\":[{\"@type\":\"WebPage\",\"@id\":\"https:\/\/new.tatiecroutons.com\/allergens\/\",\"url\":\"https:\/\/new.tatiecroutons.com\/allergens\/\",\"name\":\"Food allergens - Tatie Cro\u00fbtons\",\"isPartOf\":{\"@id\":\"https:\/\/new.tatiecroutons.com\/#website\"},\"primaryImageOfPage\":{\"@id\":\"https:\/\/new.tatiecroutons.com\/allergens\/#primaryimage\"},\"image\":{\"@id\":\"https:\/\/new.tatiecroutons.com\/allergens\/#primaryimage\"},\"thumbnailUrl\":\"https:\/\/www.tatiecroutons.com\/wp-content\/uploads\/2025\/07\/gluten.svg\",\"datePublished\":\"2025-07-24T14:43:23+00:00\",\"dateModified\":\"2025-10-23T09:21:06+00:00\",\"description\":\"Consult the list of food allergens present in our products. Transparency and safety for all our customers.\",\"breadcrumb\":{\"@id\":\"https:\/\/new.tatiecroutons.com\/allergens\/#breadcrumb\"},\"inLanguage\":\"fr-FR\",\"potentialAction\":[{\"@type\":\"ReadAction\",\"target\":[\"https:\/\/new.tatiecroutons.com\/allergens\/\"]}]},{\"@type\":\"ImageObject\",\"inLanguage\":\"fr-FR\",\"@id\":\"https:\/\/new.tatiecroutons.com\/allergens\/#primaryimage\",\"url\":\"https:\/\/www.tatiecroutons.com\/wp-content\/uploads\/2025\/07\/gluten.svg\",\"contentUrl\":\"https:\/\/www.tatiecroutons.com\/wp-content\/uploads\/2025\/07\/gluten.svg\"},{\"@type\":\"BreadcrumbList\",\"@id\":\"https:\/\/new.tatiecroutons.com\/allergens\/#breadcrumb\",\"itemListElement\":[{\"@type\":\"ListItem\",\"position\":1,\"name\":\"Accueil\",\"item\":\"https:\/\/www.tatiecroutons.com\/\"},{\"@type\":\"ListItem\",\"position\":2,\"name\":\"Allergens\"}]},{\"@type\":\"WebSite\",\"@id\":\"https:\/\/new.tatiecroutons.com\/#website\",\"url\":\"https:\/\/new.tatiecroutons.com\/\",\"name\":\"Tatie Cro\u00fbtons\",\"description\":\"Le vrai sandwich artisanal\",\"publisher\":{\"@id\":\"https:\/\/new.tatiecroutons.com\/#organization\"},\"potentialAction\":[{\"@type\":\"SearchAction\",\"target\":{\"@type\":\"EntryPoint\",\"urlTemplate\":\"https:\/\/new.tatiecroutons.com\/?s={search_term_string}\"},\"query-input\":{\"@type\":\"PropertyValueSpecification\",\"valueRequired\":true,\"valueName\":\"search_term_string\"}}],\"inLanguage\":\"fr-FR\"},{\"@type\":\"Organization\",\"@id\":\"https:\/\/new.tatiecroutons.com\/#organization\",\"name\":\"Tatie Cro\u00fbtons\",\"url\":\"https:\/\/new.tatiecroutons.com\/\",\"logo\":{\"@type\":\"ImageObject\",\"inLanguage\":\"fr-FR\",\"@id\":\"https:\/\/new.tatiecroutons.com\/#\/schema\/logo\/image\/\",\"url\":\"https:\/\/www.tatiecroutons.com\/wp-content\/uploads\/2025\/07\/logo-tatie-croutons.svg\",\"contentUrl\":\"https:\/\/www.tatiecroutons.com\/wp-content\/uploads\/2025\/07\/logo-tatie-croutons.svg\",\"width\":\"1024\",\"height\":\"1024\",\"caption\":\"Tatie Cro\u00fbtons\"},\"image\":{\"@id\":\"https:\/\/new.tatiecroutons.com\/#\/schema\/logo\/image\/\"},\"sameAs\":[\"https:\/\/www.facebook.com\/tatiecroutons\",\"https:\/\/www.linkedin.com\/company\/tatie-crotons\",\"https:\/\/www.instagram.com\/tatiecroutons\"]}]}<\/script>\n<!-- \/ Yoast SEO plugin. -->","yoast_head_json":{"title":"Food allergens - Tatie Cro\u00fbtons","description":"Consult the list of food allergens present in our products. Transparency and safety for all our customers.","robots":{"index":"index","follow":"follow","max-snippet":"max-snippet:-1","max-image-preview":"max-image-preview:large","max-video-preview":"max-video-preview:-1"},"canonical":"https:\/\/new.tatiecroutons.com\/allergens\/","og_locale":"fr_FR","og_type":"article","og_title":"Food allergens - Tatie Cro\u00fbtons","og_description":"Consult the list of food allergens present in our products. Transparency and safety for all our customers.","og_url":"https:\/\/new.tatiecroutons.com\/allergens\/","og_site_name":"Tatie Cro\u00fbtons","article_publisher":"https:\/\/www.facebook.com\/tatiecroutons","article_modified_time":"2025-10-23T09:21:06+00:00","twitter_card":"summary_large_image","twitter_misc":{"Dur\u00e9e de lecture estim\u00e9e":"4 minutes"},"schema":{"@context":"https:\/\/schema.org","@graph":[{"@type":"WebPage","@id":"https:\/\/new.tatiecroutons.com\/allergens\/","url":"https:\/\/new.tatiecroutons.com\/allergens\/","name":"Food allergens - Tatie Cro\u00fbtons","isPartOf":{"@id":"https:\/\/new.tatiecroutons.com\/#website"},"primaryImageOfPage":{"@id":"https:\/\/new.tatiecroutons.com\/allergens\/#primaryimage"},"image":{"@id":"https:\/\/new.tatiecroutons.com\/allergens\/#primaryimage"},"thumbnailUrl":"https:\/\/www.tatiecroutons.com\/wp-content\/uploads\/2025\/07\/gluten.svg","datePublished":"2025-07-24T14:43:23+00:00","dateModified":"2025-10-23T09:21:06+00:00","description":"Consult the list of food allergens present in our products. Transparency and safety for all our customers.","breadcrumb":{"@id":"https:\/\/new.tatiecroutons.com\/allergens\/#breadcrumb"},"inLanguage":"fr-FR","potentialAction":[{"@type":"ReadAction","target":["https:\/\/new.tatiecroutons.com\/allergens\/"]}]},{"@type":"ImageObject","inLanguage":"fr-FR","@id":"https:\/\/new.tatiecroutons.com\/allergens\/#primaryimage","url":"https:\/\/www.tatiecroutons.com\/wp-content\/uploads\/2025\/07\/gluten.svg","contentUrl":"https:\/\/www.tatiecroutons.com\/wp-content\/uploads\/2025\/07\/gluten.svg"},{"@type":"BreadcrumbList","@id":"https:\/\/new.tatiecroutons.com\/allergens\/#breadcrumb","itemListElement":[{"@type":"ListItem","position":1,"name":"Accueil","item":"https:\/\/www.tatiecroutons.com\/"},{"@type":"ListItem","position":2,"name":"Allergens"}]},{"@type":"WebSite","@id":"https:\/\/new.tatiecroutons.com\/#website","url":"https:\/\/new.tatiecroutons.com\/","name":"Tatie Cro\u00fbtons","description":"Le vrai sandwich artisanal","publisher":{"@id":"https:\/\/new.tatiecroutons.com\/#organization"},"potentialAction":[{"@type":"SearchAction","target":{"@type":"EntryPoint","urlTemplate":"https:\/\/new.tatiecroutons.com\/?s={search_term_string}"},"query-input":{"@type":"PropertyValueSpecification","valueRequired":true,"valueName":"search_term_string"}}],"inLanguage":"fr-FR"},{"@type":"Organization","@id":"https:\/\/new.tatiecroutons.com\/#organization","name":"Tatie Cro\u00fbtons","url":"https:\/\/new.tatiecroutons.com\/","logo":{"@type":"ImageObject","inLanguage":"fr-FR","@id":"https:\/\/new.tatiecroutons.com\/#\/schema\/logo\/image\/","url":"https:\/\/www.tatiecroutons.com\/wp-content\/uploads\/2025\/07\/logo-tatie-croutons.svg","contentUrl":"https:\/\/www.tatiecroutons.com\/wp-content\/uploads\/2025\/07\/logo-tatie-croutons.svg","width":"1024","height":"1024","caption":"Tatie Cro\u00fbtons"},"image":{"@id":"https:\/\/new.tatiecroutons.com\/#\/schema\/logo\/image\/"},"sameAs":["https:\/\/www.facebook.com\/tatiecroutons","https:\/\/www.linkedin.com\/company\/tatie-crotons","https:\/\/www.instagram.com\/tatiecroutons"]}]}},"uagb_featured_image_src":{"full":false,"thumbnail":false,"medium":false,"medium_large":false,"large":false,"1536x1536":false,"2048x2048":false,"trp-custom-language-flag":false,"woocommerce_thumbnail":false,"woocommerce_single":false,"woocommerce_gallery_thumbnail":false},"uagb_author_info":{"display_name":"Aur\u00e9lie Tollet","author_link":"https:\/\/www.tatiecroutons.com\/fr\/author\/aurelie-tollet\/"},"uagb_comment_info":0,"uagb_excerpt":"Because your well-being is at the heart of our cuisine&#8230; In recent years, the number of people suffering from food allergies has increased significantly. In addition, legislation regarding allergen information changed in 2014. To ensure greater transparency, we provide you with a list of food allergens present in our products below. All icons corresponding to\u2026","_links":{"self":[{"href":"https:\/\/www.tatiecroutons.com\/fr\/wp-json\/wp\/v2\/pages\/955","targetHints":{"allow":["GET"]}}],"collection":[{"href":"https:\/\/www.tatiecroutons.com\/fr\/wp-json\/wp\/v2\/pages"}],"about":[{"href":"https:\/\/www.tatiecroutons.com\/fr\/wp-json\/wp\/v2\/types\/page"}],"author":[{"embeddable":true,"href":"https:\/\/www.tatiecroutons.com\/fr\/wp-json\/wp\/v2\/users\/2"}],"replies":[{"embeddable":true,"href":"https:\/\/www.tatiecroutons.com\/fr\/wp-json\/wp\/v2\/comments?post=955"}],"version-history":[{"count":1,"href":"https:\/\/www.tatiecroutons.com\/fr\/wp-json\/wp\/v2\/pages\/955\/revisions"}],"predecessor-version":[{"id":1851,"href":"https:\/\/www.tatiecroutons.com\/fr\/wp-json\/wp\/v2\/pages\/955\/revisions\/1851"}],"wp:attachment":[{"href":"https:\/\/www.tatiecroutons.com\/fr\/wp-json\/wp\/v2\/media?parent=955"}],"curies":[{"name":"wp","href":"https:\/\/api.w.org\/{rel}","templated":true}]}}